{"id":302,"date":"2024-11-17T13:00:44","date_gmt":"2024-11-17T12:00:44","guid":{"rendered":"https:\/\/web.cdsctyrlistek.cz\/?page_id=302"},"modified":"2026-04-01T08:00:50","modified_gmt":"2026-04-01T06:00:50","slug":"nas-tym","status":"publish","type":"page","link":"https:\/\/cdsctyrlistek.cz\/?page_id=302","title":{"rendered":"T\u00fdm centra"},"content":{"rendered":"\n<div class=\"wp-block-columns is-layout-flex wp-container-core-columns-is-layout-9d6595d7 wp-block-columns-is-layout-flex\">\n<div class=\"wp-block-column is-layout-flow wp-block-column-is-layout-flow\">\n<div class=\"wp-block-media-text alignwide is-stacked-on-mobile is-vertically-aligned-center\" style=\"grid-template-columns:25% auto\"><figure class=\"wp-block-media-text__media\"><img loading=\"lazy\" decoding=\"async\" width=\"150\" height=\"200\" src=\"https:\/\/cdsctyrlistek.cz\/wp-content\/uploads\/2024\/11\/tym-Jakub_Bartakovics.png\" alt=\"\" class=\"wp-image-1353 size-full\"\/><\/figure><div class=\"wp-block-media-text__content\">\n<p class=\"has-normal-font-size\"><em><em>zakladatel spole\u010dnosti<\/em><\/em>, <em>administrativn\u00ed pracovn\u00edk<\/em><br><strong>Jakub Bartakovics<\/strong><br>bartakovics@cdsctyrlistek.cz<br>+420 605 081 846<\/p>\n<\/div><\/div>\n<\/div>\n\n\n\n<div class=\"wp-block-column is-layout-flow wp-block-column-is-layout-flow\">\n<div class=\"wp-block-media-text alignwide is-stacked-on-mobile is-vertically-aligned-center\" style=\"grid-template-columns:25% auto\"><figure class=\"wp-block-media-text__media\"><img loading=\"lazy\" decoding=\"async\" width=\"150\" height=\"200\" src=\"https:\/\/cdsctyrlistek.cz\/wp-content\/uploads\/2024\/11\/tym-Martina_Simmer.png\" alt=\"\" class=\"wp-image-1354 size-full\"\/><\/figure><div class=\"wp-block-media-text__content\">\n<p class=\"has-normal-font-size\"><em>\u0159editelka<\/em>, <em>soci\u00e1ln\u00ed pracovn\u00edk<\/em><br><strong>Martina Simmer, DiS, MBA, LL.M.<\/strong><br>reditelka@cdsctyrlistek.cz<br>+420 731 896 839<\/p>\n<\/div><\/div>\n<\/div>\n<\/div>\n\n\n\n<div style=\"height:50px\" aria-hidden=\"true\" class=\"wp-block-spacer\"><\/div>\n\n\n<div class=\"wp-block-image\">\n<figure class=\"aligncenter size-full is-resized\"><img decoding=\"async\" src=\"https:\/\/cdsctyrlistek.cz\/wp-content\/uploads\/2023\/05\/logo_head.png\" alt=\"\" class=\"wp-image-85\" style=\"width:25px;height:25px\"\/><\/figure>\n<\/div>\n\n\n<div style=\"height:30px\" aria-hidden=\"true\" class=\"wp-block-spacer\"><\/div>\n\n\n\n<p class=\"has-medium-font-size\"><strong>nepostradateln\u00e1 sou\u010d\u00e1st t\u00fdmu centra:<\/strong><\/p>\n\n\n\n<div style=\"height:25px\" aria-hidden=\"true\" class=\"wp-block-spacer\"><\/div>\n\n\n\n<div class=\"wp-block-columns is-layout-flex wp-container-core-columns-is-layout-9d6595d7 wp-block-columns-is-layout-flex\" style=\"font-size:8px\">\n<div class=\"wp-block-column is-layout-flow wp-block-column-is-layout-flow\">\n<div class=\"wp-block-media-text alignwide is-stacked-on-mobile is-vertically-aligned-center\" style=\"grid-template-columns:27% auto\"><figure class=\"wp-block-media-text__media\"><img loading=\"lazy\" decoding=\"async\" width=\"150\" height=\"200\" src=\"https:\/\/cdsctyrlistek.cz\/wp-content\/uploads\/2025\/10\/tym-gross.jpg\" alt=\"\" class=\"wp-image-1984 size-full\"\/><\/figure><div class=\"wp-block-media-text__content\">\n<p style=\"font-size:14px\">vedouc\u00ed slu\u017eby, soci\u00e1ln\u00ed pracovn\u00edk<br><strong>Nela Gross, DiS., MBA, LL.M.<\/strong><br>gross@cdsctyrlistek.cz<br>+420 773 935 612<\/p>\n<\/div><\/div>\n<\/div>\n\n\n\n<div class=\"wp-block-column is-layout-flow wp-block-column-is-layout-flow\">\n<div class=\"wp-block-media-text alignwide is-stacked-on-mobile is-vertically-aligned-center\" style=\"grid-template-columns:27% auto\"><figure class=\"wp-block-media-text__media\"><img loading=\"lazy\" decoding=\"async\" width=\"150\" height=\"200\" src=\"https:\/\/cdsctyrlistek.cz\/wp-content\/uploads\/2024\/11\/tym-prochazkova.png\" alt=\"\" class=\"wp-image-1365 size-full\"\/><\/figure><div class=\"wp-block-media-text__content\">\n<p style=\"font-size:14px\">projektov\u00fd mana\u017eer<br><strong>Petra Proch\u00e1zkov\u00e1<\/strong><br>prochazkova@cdsctyrlistek.cz<br>+420 &#8230;<\/p>\n<\/div><\/div>\n<\/div>\n<\/div>\n\n\n\n<div style=\"height:50px\" aria-hidden=\"true\" class=\"wp-block-spacer\"><\/div>\n\n\n\n<div class=\"wp-block-columns has-small-font-size is-layout-flex wp-container-core-columns-is-layout-9d6595d7 wp-block-columns-is-layout-flex\">\n<div class=\"wp-block-column is-layout-flow wp-block-column-is-layout-flow\">\n<div class=\"wp-block-media-text is-stacked-on-mobile\" style=\"grid-template-columns:27% auto\"><figure class=\"wp-block-media-text__media\"><img loading=\"lazy\" decoding=\"async\" width=\"150\" height=\"200\" src=\"https:\/\/cdsctyrlistek.cz\/wp-content\/uploads\/2025\/10\/tym-mykesova.jpg\" alt=\"\" class=\"wp-image-1969 size-full\"\/><\/figure><div class=\"wp-block-media-text__content\">\n<p class=\"has-text-align-left\" style=\"font-size:14px\">administrativn\u00ed pracovn\u00edk<br><strong>Veronika Mike\u0161ov\u00e1<\/strong><br>mikesova@cdsctyrlistek.cz<br>+420 &#8230;<\/p>\n<\/div><\/div>\n<\/div>\n\n\n\n<div class=\"wp-block-column is-layout-flow wp-block-column-is-layout-flow\">\n<div class=\"wp-block-media-text alignwide is-stacked-on-mobile\" style=\"grid-template-columns:27% auto\"><figure class=\"wp-block-media-text__media\"><img loading=\"lazy\" decoding=\"async\" width=\"150\" height=\"200\" src=\"https:\/\/cdsctyrlistek.cz\/wp-content\/uploads\/2025\/11\/tym-krakova.jpg\" alt=\"\" class=\"wp-image-2039 size-full\"\/><\/figure><div class=\"wp-block-media-text__content\">\n<p style=\"font-size:14px\">pracovn\u00edk v soci\u00e1ln\u00edch slu\u017eb\u00e1ch<br><strong>Irena Kr\u00e1kov\u00e1<\/strong><br>krakova@cdsctyrlistek.cz<br>+420 &#8230;<\/p>\n<\/div><\/div>\n<\/div>\n<\/div>\n\n\n\n<div style=\"height:50px\" aria-hidden=\"true\" class=\"wp-block-spacer\"><\/div>\n\n\n\n<div class=\"wp-block-columns has-small-font-size is-layout-flex wp-container-core-columns-is-layout-9d6595d7 wp-block-columns-is-layout-flex\">\n<div class=\"wp-block-column is-layout-flow wp-block-column-is-layout-flow\">\n<div class=\"wp-block-media-text alignwide is-stacked-on-mobile\" style=\"grid-template-columns:27% auto\"><figure class=\"wp-block-media-text__media\"><img loading=\"lazy\" decoding=\"async\" width=\"150\" height=\"200\" src=\"https:\/\/cdsctyrlistek.cz\/wp-content\/uploads\/2024\/11\/tym-posmurova.jpg\" alt=\"\" class=\"wp-image-1978 size-full\"\/><\/figure><div class=\"wp-block-media-text__content\">\n<p style=\"font-size:14px\">pracovn\u00edk v soci\u00e1ln\u00edch slu\u017eb\u00e1ch<br><strong>Marie Po\u0161murov\u00e1<\/strong><br>posmurova@cdsctyrlistek.cz<br>+420 &#8230;<\/p>\n<\/div><\/div>\n<\/div>\n\n\n\n<div class=\"wp-block-column is-layout-flow wp-block-column-is-layout-flow\">\n<div class=\"wp-block-media-text is-stacked-on-mobile\" style=\"grid-template-columns:27% auto\"><figure class=\"wp-block-media-text__media\"><img loading=\"lazy\" decoding=\"async\" width=\"150\" height=\"200\" src=\"https:\/\/cdsctyrlistek.cz\/wp-content\/uploads\/2025\/11\/tym-novotna.jpg\" alt=\"\" class=\"wp-image-2045 size-full\"\/><\/figure><div class=\"wp-block-media-text__content\">\n<p class=\"has-text-align-left\" style=\"font-size:14px\">pracovn\u00edk v soci\u00e1ln\u00edch slu\u017eb\u00e1ch<br><strong>Michaela Novotn\u00e1<\/strong><br>novotna@cdsctyrlistek.cz<br>+420 &#8230;<\/p>\n<\/div><\/div>\n<\/div>\n<\/div>\n\n\n\n<div style=\"height:50px\" aria-hidden=\"true\" class=\"wp-block-spacer\"><\/div>\n\n\n\n<div class=\"wp-block-columns has-small-font-size is-layout-flex wp-container-core-columns-is-layout-9d6595d7 wp-block-columns-is-layout-flex\">\n<div class=\"wp-block-column is-layout-flow wp-block-column-is-layout-flow\">\n<div class=\"wp-block-media-text alignwide is-stacked-on-mobile\" style=\"grid-template-columns:27% auto\"><figure class=\"wp-block-media-text__media\"><img loading=\"lazy\" decoding=\"async\" width=\"150\" height=\"200\" src=\"https:\/\/cdsctyrlistek.cz\/wp-content\/uploads\/2024\/11\/tym-hudska.png\" alt=\"\" class=\"wp-image-1358 size-full\"\/><\/figure><div class=\"wp-block-media-text__content\">\n<p style=\"font-size:14px\">pracovn\u00edk v soci\u00e1ln\u00edch slu\u017eb\u00e1ch<br><strong>Michaela Hudsk\u00e1<\/strong><br>hudska@cdsctyrlistek.cz<br>+420 &#8230;<\/p>\n<\/div><\/div>\n<\/div>\n\n\n\n<div class=\"wp-block-column is-layout-flow wp-block-column-is-layout-flow\">\n<div class=\"wp-block-media-text is-stacked-on-mobile\" style=\"grid-template-columns:27% auto\"><figure class=\"wp-block-media-text__media\"><img loading=\"lazy\" decoding=\"async\" width=\"150\" height=\"200\" src=\"https:\/\/cdsctyrlistek.cz\/wp-content\/uploads\/2025\/10\/tym-shtokalko.jpg\" alt=\"\" class=\"wp-image-1966 size-full\"\/><\/figure><div class=\"wp-block-media-text__content\">\n<p class=\"has-text-align-left\" style=\"font-size:14px\">pracovn\u00edk v soci\u00e1ln\u00edch slu\u017eb\u00e1ch<br><strong>Zdenka Shtokalko<\/strong><br>shtokalko@cdsctyrlistek.cz<br>+420 &#8230;<\/p>\n<\/div><\/div>\n<\/div>\n<\/div>\n\n\n\n<div style=\"height:50px\" aria-hidden=\"true\" class=\"wp-block-spacer\"><\/div>\n\n\n\n<div class=\"wp-block-columns has-small-font-size is-layout-flex wp-container-core-columns-is-layout-9d6595d7 wp-block-columns-is-layout-flex\">\n<div class=\"wp-block-column is-layout-flow wp-block-column-is-layout-flow\">\n<div class=\"wp-block-media-text is-stacked-on-mobile\" style=\"grid-template-columns:27% auto\"><figure class=\"wp-block-media-text__media\"><img loading=\"lazy\" decoding=\"async\" width=\"150\" height=\"200\" src=\"https:\/\/cdsctyrlistek.cz\/wp-content\/uploads\/2025\/10\/tym-gruberova.jpg\" alt=\"\" class=\"wp-image-1982 size-full\"\/><\/figure><div class=\"wp-block-media-text__content\">\n<p class=\"has-text-align-left\" style=\"font-size:14px\">pracovn\u00edk v soci\u00e1ln\u00edch slu\u017eb\u00e1ch<br><strong>R\u016f\u017eena Gruberov\u00e1<\/strong><br>gruberova@cdsctyrlistek.cz<br>+420 &#8230;<\/p>\n<\/div><\/div>\n<\/div>\n\n\n\n<div class=\"wp-block-column is-layout-flow wp-block-column-is-layout-flow\">\n<div class=\"wp-block-media-text is-stacked-on-mobile\" style=\"grid-template-columns:27% auto\"><figure class=\"wp-block-media-text__media\"><img loading=\"lazy\" decoding=\"async\" width=\"150\" height=\"200\" src=\"https:\/\/cdsctyrlistek.cz\/wp-content\/uploads\/2025\/10\/tym-fulop.jpg\" alt=\"\" class=\"wp-image-1972 size-full\"\/><\/figure><div class=\"wp-block-media-text__content\">\n<p class=\"has-text-align-left\" style=\"font-size:14px\">pracovn\u00edk v soci\u00e1ln\u00edch slu\u017eb\u00e1ch<br><strong>Anna F\u00fcl\u00f6p<\/strong><br>fulop@cdsctyrlistek.cz<br>+420 &#8230;<\/p>\n<\/div><\/div>\n<\/div>\n<\/div>\n\n\n\n<div style=\"height:50px\" aria-hidden=\"true\" class=\"wp-block-spacer\"><\/div>\n\n\n\n<div class=\"wp-block-columns has-small-font-size is-layout-flex wp-container-core-columns-is-layout-9d6595d7 wp-block-columns-is-layout-flex\">\n<div class=\"wp-block-column is-layout-flow wp-block-column-is-layout-flow\">\n<div class=\"wp-block-media-text alignwide is-stacked-on-mobile\" style=\"grid-template-columns:27% auto\"><figure class=\"wp-block-media-text__media\"><img loading=\"lazy\" decoding=\"async\" width=\"150\" height=\"200\" src=\"https:\/\/cdsctyrlistek.cz\/wp-content\/uploads\/2025\/10\/tym-mrazkova2.jpg\" alt=\"\" class=\"wp-image-1992 size-full\"\/><\/figure><div class=\"wp-block-media-text__content\">\n<p style=\"font-size:14px\">pracovn\u00edk v soci\u00e1ln\u00edch slu\u017eb\u00e1ch<br><strong>Lenka Mr\u00e1zkov\u00e1<\/strong><br>mrazkova@cdsctyrlistek.cz<br>+420 &#8230;<\/p>\n<\/div><\/div>\n<\/div>\n\n\n\n<div class=\"wp-block-column is-layout-flow wp-block-column-is-layout-flow\">\n<div class=\"wp-block-media-text alignwide is-stacked-on-mobile\" style=\"grid-template-columns:27% auto\"><figure class=\"wp-block-media-text__media\"><img loading=\"lazy\" decoding=\"async\" width=\"150\" height=\"200\" src=\"https:\/\/cdsctyrlistek.cz\/wp-content\/uploads\/2025\/10\/tym-mullerova2.jpg\" alt=\"\" class=\"wp-image-1994 size-full\"\/><\/figure><div class=\"wp-block-media-text__content\">\n<p style=\"font-size:14px\">pracovn\u00edk v soci\u00e1ln\u00edch slu\u017eb\u00e1ch<br><strong>Romana M\u00fcllerov\u00e1<\/strong><br>mullerova@cdsctyrlistek.cz<br>+420 &#8230;<\/p>\n<\/div><\/div>\n<\/div>\n<\/div>\n\n\n\n<div style=\"height:50px\" aria-hidden=\"true\" class=\"wp-block-spacer\"><\/div>\n\n\n\n<div class=\"wp-block-columns has-small-font-size is-layout-flex wp-container-core-columns-is-layout-9d6595d7 wp-block-columns-is-layout-flex\">\n<div class=\"wp-block-column is-layout-flow wp-block-column-is-layout-flow\">\n<div class=\"wp-block-media-text is-stacked-on-mobile\" style=\"grid-template-columns:28% auto\"><figure class=\"wp-block-media-text__media\"><img loading=\"lazy\" decoding=\"async\" width=\"150\" height=\"200\" src=\"https:\/\/cdsctyrlistek.cz\/wp-content\/uploads\/2025\/10\/tym-turnerova.jpg\" alt=\"\" class=\"wp-image-1997 size-full\"\/><\/figure><div class=\"wp-block-media-text__content\">\n<p>pracovn\u00edk v soci\u00e1ln\u00edch slu\u017eb\u00e1ch<br><strong>Hana Turnerov\u00e1<\/strong><br>turnerova@cdsctyrlistek.cz<br>+420 &#8230;<\/p>\n<\/div><\/div>\n<\/div>\n\n\n\n<div class=\"wp-block-column is-layout-flow wp-block-column-is-layout-flow\">\n<div class=\"wp-block-media-text is-stacked-on-mobile\" style=\"grid-template-columns:27% auto\"><figure class=\"wp-block-media-text__media\"><img loading=\"lazy\" decoding=\"async\" width=\"240\" height=\"240\" src=\"https:\/\/cdsctyrlistek.cz\/wp-content\/uploads\/2024\/10\/cropped-logo.png\" alt=\"\" class=\"wp-image-25 size-full\" srcset=\"https:\/\/cdsctyrlistek.cz\/wp-content\/uploads\/2024\/10\/cropped-logo.png 240w, https:\/\/cdsctyrlistek.cz\/wp-content\/uploads\/2024\/10\/cropped-logo-150x150.png 150w, https:\/\/cdsctyrlistek.cz\/wp-content\/uploads\/2024\/10\/cropped-logo-100x100.png 100w\" sizes=\"auto, (max-width: 240px) 100vw, 240px\" \/><\/figure><div class=\"wp-block-media-text__content\"><\/div><\/div>\n<\/div>\n<\/div>\n\n\n\n<div style=\"height:50px\" aria-hidden=\"true\" class=\"wp-block-spacer\"><\/div>\n\n\n\n<p><\/p>\n","protected":false},"excerpt":{"rendered":"<p>zakladatel spole\u010dnosti, administrativn\u00ed pracovn\u00edkJakub Bartakovicsbartakovics@cdsctyrlistek.cz+420 605 081 846 \u0159editelka, soci\u00e1ln\u00ed pracovn\u00edkMartina Simmer, DiS, MBA, LL.M.reditelka@cdsctyrlistek.cz+420 731 896 839 nepostradateln\u00e1 sou\u010d\u00e1st t\u00fdmu centra: vedouc\u00ed slu\u017eby, soci\u00e1ln\u00ed pracovn\u00edkNela Gross, DiS., MBA, LL.M.gross@cdsctyrlistek.cz+420 773 935 612 projektov\u00fd mana\u017eerPetra Proch\u00e1zkov\u00e1prochazkova@cdsctyrlistek.cz+420 &#8230; administrativn\u00ed pracovn\u00edkVeronika Mike\u0161ov\u00e1mikesova@cdsctyrlistek.cz+420 &#8230; pracovn\u00edk v soci\u00e1ln\u00edch slu\u017eb\u00e1chIrena Kr\u00e1kov\u00e1krakova@cdsctyrlistek.cz+420 &#8230; pracovn\u00edk v soci\u00e1ln\u00edch slu\u017eb\u00e1chMarie Po\u0161murov\u00e1posmurova@cdsctyrlistek.cz+420 &#8230; pracovn\u00edk v [&hellip;]<\/p>\n","protected":false},"author":1,"featured_media":0,"parent":0,"menu_order":0,"comment_status":"closed","ping_status":"closed","template":"","meta":{"_regular_price":[],"currency_symbol":[],"footnotes":""},"class_list":["post-302","page","type-page","status-publish","hentry"],"post_slider_layout_featured_media_urls":{"thumbnail":"","post_slider_layout_landscape_large":"","post_slider_layout_portrait_large":"","post_slider_layout_square_large":"","post_slider_layout_landscape":"","post_slider_layout_portrait":"","post_slider_layout_square":"","full":""},"yoast_head":"<!-- This site is optimized with the Yoast SEO plugin v27.5 - https:\/\/yoast.com\/product\/yoast-seo-wordpress\/ -->\n<title>T\u00fdm centra - \u010dty\u0159l\u00edstek<\/title>\n<meta name=\"robots\" content=\"index, follow, max-snippet:-1, max-image-preview:large, max-video-preview:-1\" \/>\n<link rel=\"canonical\" href=\"https:\/\/cdsctyrlistek.cz\/?page_id=302\" \/>\n<meta property=\"og:locale\" content=\"cs_CZ\" \/>\n<meta property=\"og:type\" content=\"article\" \/>\n<meta property=\"og:title\" content=\"T\u00fdm centra - \u010dty\u0159l\u00edstek\" \/>\n<meta property=\"og:description\" content=\"zakladatel spole\u010dnosti, administrativn\u00ed pracovn\u00edkJakub Bartakovicsbartakovics@cdsctyrlistek.cz+420 605 081 846 \u0159editelka, soci\u00e1ln\u00ed pracovn\u00edkMartina Simmer, DiS, MBA, LL.M.reditelka@cdsctyrlistek.cz+420 731 896 839 nepostradateln\u00e1 sou\u010d\u00e1st t\u00fdmu centra: vedouc\u00ed slu\u017eby, soci\u00e1ln\u00ed pracovn\u00edkNela Gross, DiS., MBA, LL.M.gross@cdsctyrlistek.cz+420 773 935 612 projektov\u00fd mana\u017eerPetra Proch\u00e1zkov\u00e1prochazkova@cdsctyrlistek.cz+420 &#8230; administrativn\u00ed pracovn\u00edkVeronika Mike\u0161ov\u00e1mikesova@cdsctyrlistek.cz+420 &#8230; pracovn\u00edk v soci\u00e1ln\u00edch slu\u017eb\u00e1chIrena Kr\u00e1kov\u00e1krakova@cdsctyrlistek.cz+420 &#8230; pracovn\u00edk v soci\u00e1ln\u00edch slu\u017eb\u00e1chMarie Po\u0161murov\u00e1posmurova@cdsctyrlistek.cz+420 &#8230; pracovn\u00edk v [&hellip;]\" \/>\n<meta property=\"og:url\" content=\"https:\/\/cdsctyrlistek.cz\/?page_id=302\" \/>\n<meta property=\"og:site_name\" content=\"\u010dty\u0159l\u00edstek\" \/>\n<meta property=\"article:modified_time\" content=\"2026-04-01T06:00:50+00:00\" \/>\n<meta property=\"og:image\" content=\"https:\/\/cdsctyrlistek.cz\/wp-content\/uploads\/2024\/11\/tym-Jakub_Bartakovics.png\" \/>\n\t<meta property=\"og:image:width\" content=\"150\" \/>\n\t<meta property=\"og:image:height\" content=\"200\" \/>\n\t<meta property=\"og:image:type\" content=\"image\/png\" \/>\n<meta name=\"twitter:card\" content=\"summary_large_image\" \/>\n<meta name=\"twitter:label1\" content=\"Odhadovan\u00e1 doba \u010dten\u00ed\" \/>\n\t<meta name=\"twitter:data1\" content=\"5 minut\" \/>\n<script type=\"application\/ld+json\" class=\"yoast-schema-graph\">{\"@context\":\"https:\\\/\\\/schema.org\",\"@graph\":[{\"@type\":\"WebPage\",\"@id\":\"https:\\\/\\\/cdsctyrlistek.cz\\\/?page_id=302\",\"url\":\"https:\\\/\\\/cdsctyrlistek.cz\\\/?page_id=302\",\"name\":\"T\u00fdm centra - \u010dty\u0159l\u00edstek\",\"isPartOf\":{\"@id\":\"https:\\\/\\\/cdsctyrlistek.cz\\\/#website\"},\"primaryImageOfPage\":{\"@id\":\"https:\\\/\\\/cdsctyrlistek.cz\\\/?page_id=302#primaryimage\"},\"image\":{\"@id\":\"https:\\\/\\\/cdsctyrlistek.cz\\\/?page_id=302#primaryimage\"},\"thumbnailUrl\":\"https:\\\/\\\/cdsctyrlistek.cz\\\/wp-content\\\/uploads\\\/2024\\\/11\\\/tym-Jakub_Bartakovics.png\",\"datePublished\":\"2024-11-17T12:00:44+00:00\",\"dateModified\":\"2026-04-01T06:00:50+00:00\",\"breadcrumb\":{\"@id\":\"https:\\\/\\\/cdsctyrlistek.cz\\\/?page_id=302#breadcrumb\"},\"inLanguage\":\"cs\",\"potentialAction\":[{\"@type\":\"ReadAction\",\"target\":[\"https:\\\/\\\/cdsctyrlistek.cz\\\/?page_id=302\"]}]},{\"@type\":\"ImageObject\",\"inLanguage\":\"cs\",\"@id\":\"https:\\\/\\\/cdsctyrlistek.cz\\\/?page_id=302#primaryimage\",\"url\":\"https:\\\/\\\/cdsctyrlistek.cz\\\/wp-content\\\/uploads\\\/2024\\\/11\\\/tym-Jakub_Bartakovics.png\",\"contentUrl\":\"https:\\\/\\\/cdsctyrlistek.cz\\\/wp-content\\\/uploads\\\/2024\\\/11\\\/tym-Jakub_Bartakovics.png\",\"width\":150,\"height\":200},{\"@type\":\"BreadcrumbList\",\"@id\":\"https:\\\/\\\/cdsctyrlistek.cz\\\/?page_id=302#breadcrumb\",\"itemListElement\":[{\"@type\":\"ListItem\",\"position\":1,\"name\":\"Dom\u016f\",\"item\":\"https:\\\/\\\/cdsctyrlistek.cz\\\/\"},{\"@type\":\"ListItem\",\"position\":2,\"name\":\"T\u00fdm centra\"}]},{\"@type\":\"WebSite\",\"@id\":\"https:\\\/\\\/cdsctyrlistek.cz\\\/#website\",\"url\":\"https:\\\/\\\/cdsctyrlistek.cz\\\/\",\"name\":\"\u010dty\u0159l\u00edstek\",\"description\":\"ter\u00e9nn\u00ed odleh\u010dovac\u00ed slu\u017eby v Karlovarsk\u00e9m kraji\",\"publisher\":{\"@id\":\"https:\\\/\\\/cdsctyrlistek.cz\\\/#organization\"},\"potentialAction\":[{\"@type\":\"SearchAction\",\"target\":{\"@type\":\"EntryPoint\",\"urlTemplate\":\"https:\\\/\\\/cdsctyrlistek.cz\\\/?s={search_term_string}\"},\"query-input\":{\"@type\":\"PropertyValueSpecification\",\"valueRequired\":true,\"valueName\":\"search_term_string\"}}],\"inLanguage\":\"cs\"},{\"@type\":\"Organization\",\"@id\":\"https:\\\/\\\/cdsctyrlistek.cz\\\/#organization\",\"name\":\"\u010dty\u0159l\u00edstek\",\"url\":\"https:\\\/\\\/cdsctyrlistek.cz\\\/\",\"logo\":{\"@type\":\"ImageObject\",\"inLanguage\":\"cs\",\"@id\":\"https:\\\/\\\/cdsctyrlistek.cz\\\/#\\\/schema\\\/logo\\\/image\\\/\",\"url\":\"https:\\\/\\\/cdsctyrlistek.cz\\\/wp-content\\\/uploads\\\/2024\\\/10\\\/cropped-logo.png\",\"contentUrl\":\"https:\\\/\\\/cdsctyrlistek.cz\\\/wp-content\\\/uploads\\\/2024\\\/10\\\/cropped-logo.png\",\"width\":240,\"height\":240,\"caption\":\"\u010dty\u0159l\u00edstek\"},\"image\":{\"@id\":\"https:\\\/\\\/cdsctyrlistek.cz\\\/#\\\/schema\\\/logo\\\/image\\\/\"}}]}<\/script>\n<!-- \/ Yoast SEO plugin. -->","yoast_head_json":{"title":"T\u00fdm centra - \u010dty\u0159l\u00edstek","robots":{"index":"index","follow":"follow","max-snippet":"max-snippet:-1","max-image-preview":"max-image-preview:large","max-video-preview":"max-video-preview:-1"},"canonical":"https:\/\/cdsctyrlistek.cz\/?page_id=302","og_locale":"cs_CZ","og_type":"article","og_title":"T\u00fdm centra - \u010dty\u0159l\u00edstek","og_description":"zakladatel spole\u010dnosti, administrativn\u00ed pracovn\u00edkJakub Bartakovicsbartakovics@cdsctyrlistek.cz+420 605 081 846 \u0159editelka, soci\u00e1ln\u00ed pracovn\u00edkMartina Simmer, DiS, MBA, LL.M.reditelka@cdsctyrlistek.cz+420 731 896 839 nepostradateln\u00e1 sou\u010d\u00e1st t\u00fdmu centra: vedouc\u00ed slu\u017eby, soci\u00e1ln\u00ed pracovn\u00edkNela Gross, DiS., MBA, LL.M.gross@cdsctyrlistek.cz+420 773 935 612 projektov\u00fd mana\u017eerPetra Proch\u00e1zkov\u00e1prochazkova@cdsctyrlistek.cz+420 &#8230; administrativn\u00ed pracovn\u00edkVeronika Mike\u0161ov\u00e1mikesova@cdsctyrlistek.cz+420 &#8230; pracovn\u00edk v soci\u00e1ln\u00edch slu\u017eb\u00e1chIrena Kr\u00e1kov\u00e1krakova@cdsctyrlistek.cz+420 &#8230; pracovn\u00edk v soci\u00e1ln\u00edch slu\u017eb\u00e1chMarie Po\u0161murov\u00e1posmurova@cdsctyrlistek.cz+420 &#8230; pracovn\u00edk v [&hellip;]","og_url":"https:\/\/cdsctyrlistek.cz\/?page_id=302","og_site_name":"\u010dty\u0159l\u00edstek","article_modified_time":"2026-04-01T06:00:50+00:00","og_image":[{"width":150,"height":200,"url":"https:\/\/cdsctyrlistek.cz\/wp-content\/uploads\/2024\/11\/tym-Jakub_Bartakovics.png","type":"image\/png"}],"twitter_card":"summary_large_image","twitter_misc":{"Odhadovan\u00e1 doba \u010dten\u00ed":"5 minut"},"schema":{"@context":"https:\/\/schema.org","@graph":[{"@type":"WebPage","@id":"https:\/\/cdsctyrlistek.cz\/?page_id=302","url":"https:\/\/cdsctyrlistek.cz\/?page_id=302","name":"T\u00fdm centra - \u010dty\u0159l\u00edstek","isPartOf":{"@id":"https:\/\/cdsctyrlistek.cz\/#website"},"primaryImageOfPage":{"@id":"https:\/\/cdsctyrlistek.cz\/?page_id=302#primaryimage"},"image":{"@id":"https:\/\/cdsctyrlistek.cz\/?page_id=302#primaryimage"},"thumbnailUrl":"https:\/\/cdsctyrlistek.cz\/wp-content\/uploads\/2024\/11\/tym-Jakub_Bartakovics.png","datePublished":"2024-11-17T12:00:44+00:00","dateModified":"2026-04-01T06:00:50+00:00","breadcrumb":{"@id":"https:\/\/cdsctyrlistek.cz\/?page_id=302#breadcrumb"},"inLanguage":"cs","potentialAction":[{"@type":"ReadAction","target":["https:\/\/cdsctyrlistek.cz\/?page_id=302"]}]},{"@type":"ImageObject","inLanguage":"cs","@id":"https:\/\/cdsctyrlistek.cz\/?page_id=302#primaryimage","url":"https:\/\/cdsctyrlistek.cz\/wp-content\/uploads\/2024\/11\/tym-Jakub_Bartakovics.png","contentUrl":"https:\/\/cdsctyrlistek.cz\/wp-content\/uploads\/2024\/11\/tym-Jakub_Bartakovics.png","width":150,"height":200},{"@type":"BreadcrumbList","@id":"https:\/\/cdsctyrlistek.cz\/?page_id=302#breadcrumb","itemListElement":[{"@type":"ListItem","position":1,"name":"Dom\u016f","item":"https:\/\/cdsctyrlistek.cz\/"},{"@type":"ListItem","position":2,"name":"T\u00fdm centra"}]},{"@type":"WebSite","@id":"https:\/\/cdsctyrlistek.cz\/#website","url":"https:\/\/cdsctyrlistek.cz\/","name":"\u010dty\u0159l\u00edstek","description":"ter\u00e9nn\u00ed odleh\u010dovac\u00ed slu\u017eby v Karlovarsk\u00e9m kraji","publisher":{"@id":"https:\/\/cdsctyrlistek.cz\/#organization"},"potentialAction":[{"@type":"SearchAction","target":{"@type":"EntryPoint","urlTemplate":"https:\/\/cdsctyrlistek.cz\/?s={search_term_string}"},"query-input":{"@type":"PropertyValueSpecification","valueRequired":true,"valueName":"search_term_string"}}],"inLanguage":"cs"},{"@type":"Organization","@id":"https:\/\/cdsctyrlistek.cz\/#organization","name":"\u010dty\u0159l\u00edstek","url":"https:\/\/cdsctyrlistek.cz\/","logo":{"@type":"ImageObject","inLanguage":"cs","@id":"https:\/\/cdsctyrlistek.cz\/#\/schema\/logo\/image\/","url":"https:\/\/cdsctyrlistek.cz\/wp-content\/uploads\/2024\/10\/cropped-logo.png","contentUrl":"https:\/\/cdsctyrlistek.cz\/wp-content\/uploads\/2024\/10\/cropped-logo.png","width":240,"height":240,"caption":"\u010dty\u0159l\u00edstek"},"image":{"@id":"https:\/\/cdsctyrlistek.cz\/#\/schema\/logo\/image\/"}}]}},"_links":{"self":[{"href":"https:\/\/cdsctyrlistek.cz\/index.php?rest_route=\/wp\/v2\/pages\/302","targetHints":{"allow":["GET"]}}],"collection":[{"href":"https:\/\/cdsctyrlistek.cz\/index.php?rest_route=\/wp\/v2\/pages"}],"about":[{"href":"https:\/\/cdsctyrlistek.cz\/index.php?rest_route=\/wp\/v2\/types\/page"}],"author":[{"embeddable":true,"href":"https:\/\/cdsctyrlistek.cz\/index.php?rest_route=\/wp\/v2\/users\/1"}],"replies":[{"embeddable":true,"href":"https:\/\/cdsctyrlistek.cz\/index.php?rest_route=%2Fwp%2Fv2%2Fcomments&post=302"}],"version-history":[{"count":42,"href":"https:\/\/cdsctyrlistek.cz\/index.php?rest_route=\/wp\/v2\/pages\/302\/revisions"}],"predecessor-version":[{"id":2119,"href":"https:\/\/cdsctyrlistek.cz\/index.php?rest_route=\/wp\/v2\/pages\/302\/revisions\/2119"}],"wp:attachment":[{"href":"https:\/\/cdsctyrlistek.cz\/index.php?rest_route=%2Fwp%2Fv2%2Fmedia&parent=302"}],"curies":[{"name":"wp","href":"https:\/\/api.w.org\/{rel}","templated":true}]}}