{"id":310,"date":"2024-11-17T13:33:27","date_gmt":"2024-11-17T12:33:27","guid":{"rendered":"https:\/\/web.cdsctyrlistek.cz\/?page_id=310"},"modified":"2024-11-21T15:56:46","modified_gmt":"2024-11-21T14:56:46","slug":"regionalni-karta","status":"publish","type":"page","link":"https:\/\/cdsctyrlistek.cz\/?page_id=310","title":{"rendered":"REGION\u00c1LN\u00cd KARTA"},"content":{"rendered":"<div class=\"wp-block-image\">\n<figure class=\"aligncenter size-large is-resized\"><img decoding=\"async\" src=\"https:\/\/cdsctyrlistek.cz\/wp-content\/uploads\/2023\/05\/logo_head.png\" alt=\"\" style=\"width:25px;height:25px\"\/><\/figure>\n<\/div>\n\n\n<div style=\"height:25px\" aria-hidden=\"true\" class=\"wp-block-spacer\"><\/div>\n\n\n\n<h3 class=\"wp-block-heading has-large-font-size\"><strong>region\u00e1ln\u00ed karta &#8211; online prezentace <\/strong><\/h3>\n\n\n\n<div class=\"wp-block-columns is-layout-flex wp-container-core-columns-is-layout-9d6595d7 wp-block-columns-is-layout-flex\">\n<div class=\"wp-block-column is-vertically-aligned-top is-layout-flow wp-block-column-is-layout-flow\" style=\"flex-basis:60%\">\n<p class=\"has-medium-font-size\"><em> region\u00e1ln\u00ed karta &#8211; soubor ke sta\u017een\u00ed (*.pdf) <\/em><\/p>\n<\/div>\n\n\n\n<div class=\"wp-block-column is-layout-flow wp-block-column-is-layout-flow\" style=\"flex-basis:10%\">\n<p>&#8230;..<\/p>\n<\/div>\n\n\n\n<div class=\"wp-block-column is-vertically-aligned-top is-layout-flow wp-block-column-is-layout-flow\" style=\"flex-basis:30%\">\n<div class=\"wp-block-buttons is-layout-flex wp-block-buttons-is-layout-flex\">\n<div class=\"wp-block-button has-custom-width wp-block-button__width-50 has-custom-font-size has-small-font-size\"><a class=\"wp-block-button__link has-white-color has-text-color has-background wp-element-button\" href=\"https:\/\/cdsctyrlistek.cz\/wp-content\/document\/regionalni-karta.pdf\" style=\"border-radius:10px;background-color:#66bd63\">st\u00e1hnut\u00ed<\/a><\/div>\n<\/div>\n<\/div>\n<\/div>\n\n\n<div class=\"_3d-flip-book  fb3d-fullscreen-mode full-size\" data-id=\"1292\" data-mode=\"fullscreen\" data-title=\"false\" data-template=\"short-white-book-view\" data-lightbox=\"dark-shadow\" data-urlparam=\"fb3d-page\" data-page-n=\"0\" data-pdf=\"\" data-tax=\"null\" data-thumbnail=\"\" data-cols=\"3\" data-book-template=\"default\" data-trigger=\"\"><\/div><script type=\"text\/javascript\">window.FB3D_CLIENT_DATA = window.FB3D_CLIENT_DATA || [];FB3D_CLIENT_DATA.push('eyJwb3N0cyI6eyIxMjkyIjp7IklEIjoxMjkyLCJ0aXRsZSI6IlJlZ2luXHUwMGUxbG5cdTAwZWQga2FydGEiLCJ0eXBlIjoicGRmIiwicmVhZHlfZnVuY3Rpb24iOiIiLCJib29rX3N0eWxlIjoiZmxhdCIsImJvb2tfdGVtcGxhdGUiOiJub25lIiwib3V0bGluZSI6W10sImRhdGEiOnsicG9zdF9JRCI6Ii0xIiwiZ3VpZCI6Imh0dHBzOlwvXC9jZHNjdHlybGlzdGVrLmN6XC93cC1jb250ZW50XC9kb2N1bWVudFwvcmVnaW9uYWxuaS1rYXJ0YS5wZGYiLCJwZGZfcGFnZXMiOiI4IiwicGFnZXNfY3VzdG9taXphdGlvbiI6Im5vbmUifSwidGh1bWJuYWlsIjp7ImRhdGEiOnsicG9zdF9JRCI6IjAifSwidHlwZSI6ImF1dG8ifSwicHJvcHMiOnsiYmFja2dyb3VuZENvbG9yIjoiYXV0byIsImJhY2tncm91bmRJbWFnZSI6ImF1dG8iLCJiYWNrZ3JvdW5kU3R5bGUiOiJhdXRvIiwiaGlnaGxpZ2h0TGlua3MiOiJhdXRvIiwibGlnaHRpbmciOiJhdXRvIiwic2luZ2xlUGFnZU1vZGUiOiJhdXRvIiwiY2FjaGVkUGFnZXMiOiJhdXRvIiwicmVuZGVySW5hY3RpdmVQYWdlcyI6ImF1dG8iLCJyZW5kZXJJbmFjdGl2ZVBhZ2VzT25Nb2JpbGUiOiJhdXRvIiwicmVuZGVyV2hpbGVGbGlwcGluZyI6ImF1dG8iLCJwcmVsb2FkUGFnZXMiOiJhdXRvIiwiYXV0b1BsYXlEdXJhdGlvbiI6ImF1dG8iLCJydGwiOiJhdXRvIiwiaW50ZXJhY3RpdmVDb3JuZXJzIjoiYXV0byIsIm1heERlcHRoIjoiYXV0byIsInNoZWV0Ijp7InN0YXJ0VmVsb2NpdHkiOiJhdXRvIiwid2F2ZSI6ImF1dG8iLCJzaGFwZSI6ImF1dG8iLCJ3aWR0aFRleGVscyI6ImF1dG8iLCJjb2xvciI6ImF1dG8iLCJzaWRlIjoiYXV0byIsInN0cmV0Y2hJbWFnZXMiOiJhdXRvIiwiY29ybmVyRGV2aWF0aW9uIjoiYXV0byIsImZsZXhpYmlsaXR5IjoiYXV0byIsImZsZXhpYmxlQ29ybmVyIjoiYXV0byIsImJlbmRpbmciOiJhdXRvIiwiaGVpZ2h0VGV4ZWxzIjoiYXV0byJ9LCJjb3ZlciI6eyJ3YXZlIjoiYXV0byIsImNvbG9yIjoiYXV0byIsInNpZGUiOiJhdXRvIiwic3RyZXRjaEltYWdlcyI6ImF1dG8iLCJiaW5kZXJUZXh0dXJlIjoiYXV0byIsImRlcHRoIjoiYXV0byIsInBhZGRpbmciOiJhdXRvIiwic3RhcnRWZWxvY2l0eSI6ImF1dG8iLCJmbGV4aWJpbGl0eSI6ImF1dG8iLCJmbGV4aWJsZUNvcm5lciI6ImF1dG8iLCJiZW5kaW5nIjoiYXV0byIsIndpZHRoVGV4ZWxzIjoiYXV0byIsImhlaWdodFRleGVscyI6ImF1dG8iLCJtYXNzIjoiYXV0byIsInNoYXBlIjoiYXV0byJ9LCJwYWdlIjp7IndhdmUiOiJhdXRvIiwiY29sb3IiOiJhdXRvIiwic2lkZSI6ImF1dG8iLCJzdHJldGNoSW1hZ2VzIjoiYXV0byIsImRlcHRoIjoiYXV0byIsInN0YXJ0VmVsb2NpdHkiOiJhdXRvIiwiZmxleGliaWxpdHkiOiJhdXRvIiwiZmxleGlibGVDb3JuZXIiOiJhdXRvIiwiYmVuZGluZyI6ImF1dG8iLCJ3aWR0aFRleGVscyI6ImF1dG8iLCJoZWlnaHRUZXhlbHMiOiJhdXRvIiwibWFzcyI6ImF1dG8iLCJzaGFwZSI6ImF1dG8ifSwiaGVpZ2h0IjoiYXV0byIsIndpZHRoIjoiYXV0byIsImdyYXZpdHkiOiJhdXRvIiwicGFnZXNGb3JQcmVkaWN0aW5nIjoiYXV0byJ9LCJjb250cm9sUHJvcHMiOnsiYWN0aW9ucyI6eyJjbWRUb2MiOnsiZW5hYmxlZCI6ImF1dG8iLCJlbmFibGVkSW5OYXJyb3ciOiJhdXRvIiwiYWN0aXZlIjoiYXV0byIsImRlZmF1bHRUYWIiOiJhdXRvIn0sImNtZEF1dG9QbGF5Ijp7ImVuYWJsZWQiOiJhdXRvIiwiZW5hYmxlZEluTmFycm93IjoiYXV0byIsImFjdGl2ZSI6ImF1dG8ifSwiY21kU2F2ZSI6eyJlbmFibGVkIjoiYXV0byIsImVuYWJsZWRJbk5hcnJvdyI6ImF1dG8ifSwiY21kUHJpbnQiOnsiZW5hYmxlZCI6ImF1dG8iLCJlbmFibGVkSW5OYXJyb3ciOiJhdXRvIn0sImNtZFNpbmdsZVBhZ2UiOnsiZW5hYmxlZCI6ImF1dG8iLCJlbmFibGVkSW5OYXJyb3ciOiJhdXRvIiwiYWN0aXZlIjoiYXV0byIsImFjdGl2ZUZvck1vYmlsZSI6ImF1dG8ifSwid2lkVG9vbGJhciI6eyJlbmFibGVkIjoiYXV0byIsImVuYWJsZWRJbk5hcnJvdyI6ImF1dG8ifX19LCJhdXRvVGh1bWJuYWlsIjoiaHR0cHM6XC9cL2Nkc2N0eXJsaXN0ZWsuY3pcL3dwLWNvbnRlbnRcL3VwbG9hZHNcLzNkLWZsaXAtYm9va1wvYXV0by10aHVtYm5haWxzXC8xMjkyLnBuZyIsInBvc3RfbmFtZSI6InJlZ2luYWxuaS1rYXJ0YSIsInBvc3RfdHlwZSI6IjNkLWZsaXAtYm9vayJ9fSwicGFnZXMiOltdLCJmaXJzdFBhZ2VzIjpbXX0=');window.FB3D_CLIENT_LOCALE && FB3D_CLIENT_LOCALE.render && FB3D_CLIENT_LOCALE.render();<\/script>\n\n\n\n<div style=\"height:100px\" aria-hidden=\"true\" class=\"wp-block-spacer\"><\/div>\n","protected":false},"excerpt":{"rendered":"<p>region\u00e1ln\u00ed karta &#8211; online prezentace region\u00e1ln\u00ed karta &#8211; soubor ke sta\u017een\u00ed (*.pdf) &#8230;..<\/p>\n","protected":false},"author":1,"featured_media":0,"parent":0,"menu_order":0,"comment_status":"closed","ping_status":"closed","template":"","meta":{"_regular_price":[],"currency_symbol":[],"footnotes":""},"class_list":["post-310","page","type-page","status-publish","hentry"],"post_slider_layout_featured_media_urls":{"thumbnail":"","post_slider_layout_landscape_large":"","post_slider_layout_portrait_large":"","post_slider_layout_square_large":"","post_slider_layout_landscape":"","post_slider_layout_portrait":"","post_slider_layout_square":"","full":""},"yoast_head":"<!-- This site is optimized with the Yoast SEO plugin v27.5 - https:\/\/yoast.com\/product\/yoast-seo-wordpress\/ -->\n<title>REGION\u00c1LN\u00cd KARTA - \u010dty\u0159l\u00edstek<\/title>\n<meta name=\"robots\" content=\"index, follow, max-snippet:-1, max-image-preview:large, max-video-preview:-1\" \/>\n<link rel=\"canonical\" href=\"https:\/\/cdsctyrlistek.cz\/?page_id=310\" \/>\n<meta property=\"og:locale\" content=\"cs_CZ\" \/>\n<meta property=\"og:type\" content=\"article\" \/>\n<meta property=\"og:title\" content=\"REGION\u00c1LN\u00cd KARTA - \u010dty\u0159l\u00edstek\" \/>\n<meta property=\"og:description\" content=\"region\u00e1ln\u00ed karta &#8211; online prezentace region\u00e1ln\u00ed karta &#8211; soubor ke sta\u017een\u00ed (*.pdf) &#8230;..\" \/>\n<meta property=\"og:url\" content=\"https:\/\/cdsctyrlistek.cz\/?page_id=310\" \/>\n<meta property=\"og:site_name\" content=\"\u010dty\u0159l\u00edstek\" \/>\n<meta property=\"article:modified_time\" content=\"2024-11-21T14:56:46+00:00\" \/>\n<meta property=\"og:image\" content=\"https:\/\/cdsctyrlistek.cz\/wp-content\/uploads\/2023\/05\/logo_head.png\" \/>\n<meta name=\"twitter:card\" content=\"summary_large_image\" \/>\n<script type=\"application\/ld+json\" class=\"yoast-schema-graph\">{\"@context\":\"https:\\\/\\\/schema.org\",\"@graph\":[{\"@type\":\"WebPage\",\"@id\":\"https:\\\/\\\/cdsctyrlistek.cz\\\/?page_id=310\",\"url\":\"https:\\\/\\\/cdsctyrlistek.cz\\\/?page_id=310\",\"name\":\"REGION\u00c1LN\u00cd KARTA - \u010dty\u0159l\u00edstek\",\"isPartOf\":{\"@id\":\"https:\\\/\\\/cdsctyrlistek.cz\\\/#website\"},\"primaryImageOfPage\":{\"@id\":\"https:\\\/\\\/cdsctyrlistek.cz\\\/?page_id=310#primaryimage\"},\"image\":{\"@id\":\"https:\\\/\\\/cdsctyrlistek.cz\\\/?page_id=310#primaryimage\"},\"thumbnailUrl\":\"https:\\\/\\\/cdsctyrlistek.cz\\\/wp-content\\\/uploads\\\/2023\\\/05\\\/logo_head.png\",\"datePublished\":\"2024-11-17T12:33:27+00:00\",\"dateModified\":\"2024-11-21T14:56:46+00:00\",\"breadcrumb\":{\"@id\":\"https:\\\/\\\/cdsctyrlistek.cz\\\/?page_id=310#breadcrumb\"},\"inLanguage\":\"cs\",\"potentialAction\":[{\"@type\":\"ReadAction\",\"target\":[\"https:\\\/\\\/cdsctyrlistek.cz\\\/?page_id=310\"]}]},{\"@type\":\"ImageObject\",\"inLanguage\":\"cs\",\"@id\":\"https:\\\/\\\/cdsctyrlistek.cz\\\/?page_id=310#primaryimage\",\"url\":\"https:\\\/\\\/cdsctyrlistek.cz\\\/wp-content\\\/uploads\\\/2023\\\/05\\\/logo_head.png\",\"contentUrl\":\"https:\\\/\\\/cdsctyrlistek.cz\\\/wp-content\\\/uploads\\\/2023\\\/05\\\/logo_head.png\"},{\"@type\":\"BreadcrumbList\",\"@id\":\"https:\\\/\\\/cdsctyrlistek.cz\\\/?page_id=310#breadcrumb\",\"itemListElement\":[{\"@type\":\"ListItem\",\"position\":1,\"name\":\"Dom\u016f\",\"item\":\"https:\\\/\\\/cdsctyrlistek.cz\\\/\"},{\"@type\":\"ListItem\",\"position\":2,\"name\":\"REGION\u00c1LN\u00cd KARTA\"}]},{\"@type\":\"WebSite\",\"@id\":\"https:\\\/\\\/cdsctyrlistek.cz\\\/#website\",\"url\":\"https:\\\/\\\/cdsctyrlistek.cz\\\/\",\"name\":\"\u010dty\u0159l\u00edstek\",\"description\":\"ter\u00e9nn\u00ed odleh\u010dovac\u00ed slu\u017eby v Karlovarsk\u00e9m kraji\",\"publisher\":{\"@id\":\"https:\\\/\\\/cdsctyrlistek.cz\\\/#organization\"},\"potentialAction\":[{\"@type\":\"SearchAction\",\"target\":{\"@type\":\"EntryPoint\",\"urlTemplate\":\"https:\\\/\\\/cdsctyrlistek.cz\\\/?s={search_term_string}\"},\"query-input\":{\"@type\":\"PropertyValueSpecification\",\"valueRequired\":true,\"valueName\":\"search_term_string\"}}],\"inLanguage\":\"cs\"},{\"@type\":\"Organization\",\"@id\":\"https:\\\/\\\/cdsctyrlistek.cz\\\/#organization\",\"name\":\"\u010dty\u0159l\u00edstek\",\"url\":\"https:\\\/\\\/cdsctyrlistek.cz\\\/\",\"logo\":{\"@type\":\"ImageObject\",\"inLanguage\":\"cs\",\"@id\":\"https:\\\/\\\/cdsctyrlistek.cz\\\/#\\\/schema\\\/logo\\\/image\\\/\",\"url\":\"https:\\\/\\\/cdsctyrlistek.cz\\\/wp-content\\\/uploads\\\/2024\\\/10\\\/cropped-logo.png\",\"contentUrl\":\"https:\\\/\\\/cdsctyrlistek.cz\\\/wp-content\\\/uploads\\\/2024\\\/10\\\/cropped-logo.png\",\"width\":240,\"height\":240,\"caption\":\"\u010dty\u0159l\u00edstek\"},\"image\":{\"@id\":\"https:\\\/\\\/cdsctyrlistek.cz\\\/#\\\/schema\\\/logo\\\/image\\\/\"}}]}<\/script>\n<!-- \/ Yoast SEO plugin. -->","yoast_head_json":{"title":"REGION\u00c1LN\u00cd KARTA - \u010dty\u0159l\u00edstek","robots":{"index":"index","follow":"follow","max-snippet":"max-snippet:-1","max-image-preview":"max-image-preview:large","max-video-preview":"max-video-preview:-1"},"canonical":"https:\/\/cdsctyrlistek.cz\/?page_id=310","og_locale":"cs_CZ","og_type":"article","og_title":"REGION\u00c1LN\u00cd KARTA - \u010dty\u0159l\u00edstek","og_description":"region\u00e1ln\u00ed karta &#8211; online prezentace region\u00e1ln\u00ed karta &#8211; soubor ke sta\u017een\u00ed (*.pdf) &#8230;..","og_url":"https:\/\/cdsctyrlistek.cz\/?page_id=310","og_site_name":"\u010dty\u0159l\u00edstek","article_modified_time":"2024-11-21T14:56:46+00:00","og_image":[{"url":"https:\/\/cdsctyrlistek.cz\/wp-content\/uploads\/2023\/05\/logo_head.png","type":"","width":"","height":""}],"twitter_card":"summary_large_image","schema":{"@context":"https:\/\/schema.org","@graph":[{"@type":"WebPage","@id":"https:\/\/cdsctyrlistek.cz\/?page_id=310","url":"https:\/\/cdsctyrlistek.cz\/?page_id=310","name":"REGION\u00c1LN\u00cd KARTA - \u010dty\u0159l\u00edstek","isPartOf":{"@id":"https:\/\/cdsctyrlistek.cz\/#website"},"primaryImageOfPage":{"@id":"https:\/\/cdsctyrlistek.cz\/?page_id=310#primaryimage"},"image":{"@id":"https:\/\/cdsctyrlistek.cz\/?page_id=310#primaryimage"},"thumbnailUrl":"https:\/\/cdsctyrlistek.cz\/wp-content\/uploads\/2023\/05\/logo_head.png","datePublished":"2024-11-17T12:33:27+00:00","dateModified":"2024-11-21T14:56:46+00:00","breadcrumb":{"@id":"https:\/\/cdsctyrlistek.cz\/?page_id=310#breadcrumb"},"inLanguage":"cs","potentialAction":[{"@type":"ReadAction","target":["https:\/\/cdsctyrlistek.cz\/?page_id=310"]}]},{"@type":"ImageObject","inLanguage":"cs","@id":"https:\/\/cdsctyrlistek.cz\/?page_id=310#primaryimage","url":"https:\/\/cdsctyrlistek.cz\/wp-content\/uploads\/2023\/05\/logo_head.png","contentUrl":"https:\/\/cdsctyrlistek.cz\/wp-content\/uploads\/2023\/05\/logo_head.png"},{"@type":"BreadcrumbList","@id":"https:\/\/cdsctyrlistek.cz\/?page_id=310#breadcrumb","itemListElement":[{"@type":"ListItem","position":1,"name":"Dom\u016f","item":"https:\/\/cdsctyrlistek.cz\/"},{"@type":"ListItem","position":2,"name":"REGION\u00c1LN\u00cd KARTA"}]},{"@type":"WebSite","@id":"https:\/\/cdsctyrlistek.cz\/#website","url":"https:\/\/cdsctyrlistek.cz\/","name":"\u010dty\u0159l\u00edstek","description":"ter\u00e9nn\u00ed odleh\u010dovac\u00ed slu\u017eby v Karlovarsk\u00e9m kraji","publisher":{"@id":"https:\/\/cdsctyrlistek.cz\/#organization"},"potentialAction":[{"@type":"SearchAction","target":{"@type":"EntryPoint","urlTemplate":"https:\/\/cdsctyrlistek.cz\/?s={search_term_string}"},"query-input":{"@type":"PropertyValueSpecification","valueRequired":true,"valueName":"search_term_string"}}],"inLanguage":"cs"},{"@type":"Organization","@id":"https:\/\/cdsctyrlistek.cz\/#organization","name":"\u010dty\u0159l\u00edstek","url":"https:\/\/cdsctyrlistek.cz\/","logo":{"@type":"ImageObject","inLanguage":"cs","@id":"https:\/\/cdsctyrlistek.cz\/#\/schema\/logo\/image\/","url":"https:\/\/cdsctyrlistek.cz\/wp-content\/uploads\/2024\/10\/cropped-logo.png","contentUrl":"https:\/\/cdsctyrlistek.cz\/wp-content\/uploads\/2024\/10\/cropped-logo.png","width":240,"height":240,"caption":"\u010dty\u0159l\u00edstek"},"image":{"@id":"https:\/\/cdsctyrlistek.cz\/#\/schema\/logo\/image\/"}}]}},"_links":{"self":[{"href":"https:\/\/cdsctyrlistek.cz\/index.php?rest_route=\/wp\/v2\/pages\/310","targetHints":{"allow":["GET"]}}],"collection":[{"href":"https:\/\/cdsctyrlistek.cz\/index.php?rest_route=\/wp\/v2\/pages"}],"about":[{"href":"https:\/\/cdsctyrlistek.cz\/index.php?rest_route=\/wp\/v2\/types\/page"}],"author":[{"embeddable":true,"href":"https:\/\/cdsctyrlistek.cz\/index.php?rest_route=\/wp\/v2\/users\/1"}],"replies":[{"embeddable":true,"href":"https:\/\/cdsctyrlistek.cz\/index.php?rest_route=%2Fwp%2Fv2%2Fcomments&post=310"}],"version-history":[{"count":8,"href":"https:\/\/cdsctyrlistek.cz\/index.php?rest_route=\/wp\/v2\/pages\/310\/revisions"}],"predecessor-version":[{"id":1334,"href":"https:\/\/cdsctyrlistek.cz\/index.php?rest_route=\/wp\/v2\/pages\/310\/revisions\/1334"}],"wp:attachment":[{"href":"https:\/\/cdsctyrlistek.cz\/index.php?rest_route=%2Fwp%2Fv2%2Fmedia&parent=310"}],"curies":[{"name":"wp","href":"https:\/\/api.w.org\/{rel}","templated":true}]}}