{"id":52,"date":"2024-10-27T16:01:20","date_gmt":"2024-10-27T15:01:20","guid":{"rendered":"https:\/\/web.cdsctyrlistek.cz\/?page_id=52"},"modified":"2025-01-22T18:48:41","modified_gmt":"2025-01-22T17:48:41","slug":"home-2","status":"publish","type":"page","link":"https:\/\/cdsctyrlistek.cz\/","title":{"rendered":"Home"},"content":{"rendered":"","protected":false},"excerpt":{"rendered":"","protected":false},"author":1,"featured_media":0,"parent":0,"menu_order":0,"comment_status":"closed","ping_status":"closed","template":"page-template\/home-page.php","meta":{"_regular_price":[],"currency_symbol":[],"footnotes":""},"class_list":["post-52","page","type-page","status-publish","hentry"],"post_slider_layout_featured_media_urls":{"thumbnail":"","post_slider_layout_landscape_large":"","post_slider_layout_portrait_large":"","post_slider_layout_square_large":"","post_slider_layout_landscape":"","post_slider_layout_portrait":"","post_slider_layout_square":"","full":""},"yoast_head":"<!-- This site is optimized with the Yoast SEO plugin v27.4 - https:\/\/yoast.com\/product\/yoast-seo-wordpress\/ -->\n<title>Home - \u010dty\u0159l\u00edstek<\/title>\n<meta name=\"description\" content=\"TER\u00c9NN\u00cd ODLEH\u010cOVAC\u00cd SLU\u017dBY - soci\u00e1ln\u00ed podpora pro pe\u010duj\u00edc\u00ed. Pom\u016f\u017eeme s p\u00e9\u010d\u00ed o va\u0161e bl\u00edzk\u00e9 u v\u00e1s doma v Karlovarsk\u00e9m kraji\" \/>\n<meta name=\"robots\" content=\"index, follow, max-snippet:-1, max-image-preview:large, max-video-preview:-1\" \/>\n<link rel=\"canonical\" href=\"https:\/\/cdsctyrlistek.cz\/\" \/>\n<meta property=\"og:locale\" content=\"cs_CZ\" \/>\n<meta property=\"og:type\" content=\"article\" \/>\n<meta property=\"og:title\" content=\"Home - \u010dty\u0159l\u00edstek\" \/>\n<meta property=\"og:description\" content=\"TER\u00c9NN\u00cd ODLEH\u010cOVAC\u00cd SLU\u017dBY - soci\u00e1ln\u00ed podpora pro pe\u010duj\u00edc\u00ed. Pom\u016f\u017eeme s p\u00e9\u010d\u00ed o va\u0161e bl\u00edzk\u00e9 u v\u00e1s doma v Karlovarsk\u00e9m kraji\" \/>\n<meta property=\"og:url\" content=\"https:\/\/cdsctyrlistek.cz\/\" \/>\n<meta property=\"og:site_name\" content=\"\u010dty\u0159l\u00edstek\" \/>\n<meta property=\"article:modified_time\" content=\"2025-01-22T17:48:41+00:00\" \/>\n<meta property=\"og:image\" content=\"https:\/\/cdsctyrlistek.cz\/wp-content\/uploads\/2024\/10\/cropped-logo.png\" \/>\n\t<meta property=\"og:image:width\" content=\"240\" \/>\n\t<meta property=\"og:image:height\" content=\"240\" \/>\n\t<meta property=\"og:image:type\" content=\"image\/png\" \/>\n<meta name=\"twitter:card\" content=\"summary_large_image\" \/>\n<script type=\"application\/ld+json\" class=\"yoast-schema-graph\">{\"@context\":\"https:\\\/\\\/schema.org\",\"@graph\":[{\"@type\":\"WebPage\",\"@id\":\"https:\\\/\\\/cdsctyrlistek.cz\\\/\",\"url\":\"https:\\\/\\\/cdsctyrlistek.cz\\\/\",\"name\":\"Home - \u010dty\u0159l\u00edstek\",\"isPartOf\":{\"@id\":\"https:\\\/\\\/cdsctyrlistek.cz\\\/#website\"},\"datePublished\":\"2024-10-27T15:01:20+00:00\",\"dateModified\":\"2025-01-22T17:48:41+00:00\",\"description\":\"TER\u00c9NN\u00cd ODLEH\u010cOVAC\u00cd SLU\u017dBY - soci\u00e1ln\u00ed podpora pro pe\u010duj\u00edc\u00ed. Pom\u016f\u017eeme s p\u00e9\u010d\u00ed o va\u0161e bl\u00edzk\u00e9 u v\u00e1s doma v Karlovarsk\u00e9m kraji\",\"breadcrumb\":{\"@id\":\"https:\\\/\\\/cdsctyrlistek.cz\\\/#breadcrumb\"},\"inLanguage\":\"cs\",\"potentialAction\":[{\"@type\":\"ReadAction\",\"target\":[\"https:\\\/\\\/cdsctyrlistek.cz\\\/\"]}]},{\"@type\":\"BreadcrumbList\",\"@id\":\"https:\\\/\\\/cdsctyrlistek.cz\\\/#breadcrumb\",\"itemListElement\":[{\"@type\":\"ListItem\",\"position\":1,\"name\":\"Dom\u016f\",\"item\":\"https:\\\/\\\/cdsctyrlistek.cz\\\/\"},{\"@type\":\"ListItem\",\"position\":2,\"name\":\"Home\"}]},{\"@type\":\"WebSite\",\"@id\":\"https:\\\/\\\/cdsctyrlistek.cz\\\/#website\",\"url\":\"https:\\\/\\\/cdsctyrlistek.cz\\\/\",\"name\":\"\u010dty\u0159l\u00edstek\",\"description\":\"ter\u00e9nn\u00ed odleh\u010dovac\u00ed slu\u017eby v Karlovarsk\u00e9m kraji\",\"publisher\":{\"@id\":\"https:\\\/\\\/cdsctyrlistek.cz\\\/#organization\"},\"potentialAction\":[{\"@type\":\"SearchAction\",\"target\":{\"@type\":\"EntryPoint\",\"urlTemplate\":\"https:\\\/\\\/cdsctyrlistek.cz\\\/?s={search_term_string}\"},\"query-input\":{\"@type\":\"PropertyValueSpecification\",\"valueRequired\":true,\"valueName\":\"search_term_string\"}}],\"inLanguage\":\"cs\"},{\"@type\":\"Organization\",\"@id\":\"https:\\\/\\\/cdsctyrlistek.cz\\\/#organization\",\"name\":\"\u010dty\u0159l\u00edstek\",\"url\":\"https:\\\/\\\/cdsctyrlistek.cz\\\/\",\"logo\":{\"@type\":\"ImageObject\",\"inLanguage\":\"cs\",\"@id\":\"https:\\\/\\\/cdsctyrlistek.cz\\\/#\\\/schema\\\/logo\\\/image\\\/\",\"url\":\"https:\\\/\\\/cdsctyrlistek.cz\\\/wp-content\\\/uploads\\\/2024\\\/10\\\/cropped-logo.png\",\"contentUrl\":\"https:\\\/\\\/cdsctyrlistek.cz\\\/wp-content\\\/uploads\\\/2024\\\/10\\\/cropped-logo.png\",\"width\":240,\"height\":240,\"caption\":\"\u010dty\u0159l\u00edstek\"},\"image\":{\"@id\":\"https:\\\/\\\/cdsctyrlistek.cz\\\/#\\\/schema\\\/logo\\\/image\\\/\"}}]}<\/script>\n<!-- \/ Yoast SEO plugin. -->","yoast_head_json":{"title":"Home - \u010dty\u0159l\u00edstek","description":"TER\u00c9NN\u00cd ODLEH\u010cOVAC\u00cd SLU\u017dBY - soci\u00e1ln\u00ed podpora pro pe\u010duj\u00edc\u00ed. Pom\u016f\u017eeme s p\u00e9\u010d\u00ed o va\u0161e bl\u00edzk\u00e9 u v\u00e1s doma v Karlovarsk\u00e9m kraji","robots":{"index":"index","follow":"follow","max-snippet":"max-snippet:-1","max-image-preview":"max-image-preview:large","max-video-preview":"max-video-preview:-1"},"canonical":"https:\/\/cdsctyrlistek.cz\/","og_locale":"cs_CZ","og_type":"article","og_title":"Home - \u010dty\u0159l\u00edstek","og_description":"TER\u00c9NN\u00cd ODLEH\u010cOVAC\u00cd SLU\u017dBY - soci\u00e1ln\u00ed podpora pro pe\u010duj\u00edc\u00ed. Pom\u016f\u017eeme s p\u00e9\u010d\u00ed o va\u0161e bl\u00edzk\u00e9 u v\u00e1s doma v Karlovarsk\u00e9m kraji","og_url":"https:\/\/cdsctyrlistek.cz\/","og_site_name":"\u010dty\u0159l\u00edstek","article_modified_time":"2025-01-22T17:48:41+00:00","og_image":[{"width":240,"height":240,"url":"https:\/\/cdsctyrlistek.cz\/wp-content\/uploads\/2024\/10\/cropped-logo.png","type":"image\/png"}],"twitter_card":"summary_large_image","schema":{"@context":"https:\/\/schema.org","@graph":[{"@type":"WebPage","@id":"https:\/\/cdsctyrlistek.cz\/","url":"https:\/\/cdsctyrlistek.cz\/","name":"Home - \u010dty\u0159l\u00edstek","isPartOf":{"@id":"https:\/\/cdsctyrlistek.cz\/#website"},"datePublished":"2024-10-27T15:01:20+00:00","dateModified":"2025-01-22T17:48:41+00:00","description":"TER\u00c9NN\u00cd ODLEH\u010cOVAC\u00cd SLU\u017dBY - soci\u00e1ln\u00ed podpora pro pe\u010duj\u00edc\u00ed. Pom\u016f\u017eeme s p\u00e9\u010d\u00ed o va\u0161e bl\u00edzk\u00e9 u v\u00e1s doma v Karlovarsk\u00e9m kraji","breadcrumb":{"@id":"https:\/\/cdsctyrlistek.cz\/#breadcrumb"},"inLanguage":"cs","potentialAction":[{"@type":"ReadAction","target":["https:\/\/cdsctyrlistek.cz\/"]}]},{"@type":"BreadcrumbList","@id":"https:\/\/cdsctyrlistek.cz\/#breadcrumb","itemListElement":[{"@type":"ListItem","position":1,"name":"Dom\u016f","item":"https:\/\/cdsctyrlistek.cz\/"},{"@type":"ListItem","position":2,"name":"Home"}]},{"@type":"WebSite","@id":"https:\/\/cdsctyrlistek.cz\/#website","url":"https:\/\/cdsctyrlistek.cz\/","name":"\u010dty\u0159l\u00edstek","description":"ter\u00e9nn\u00ed odleh\u010dovac\u00ed slu\u017eby v Karlovarsk\u00e9m kraji","publisher":{"@id":"https:\/\/cdsctyrlistek.cz\/#organization"},"potentialAction":[{"@type":"SearchAction","target":{"@type":"EntryPoint","urlTemplate":"https:\/\/cdsctyrlistek.cz\/?s={search_term_string}"},"query-input":{"@type":"PropertyValueSpecification","valueRequired":true,"valueName":"search_term_string"}}],"inLanguage":"cs"},{"@type":"Organization","@id":"https:\/\/cdsctyrlistek.cz\/#organization","name":"\u010dty\u0159l\u00edstek","url":"https:\/\/cdsctyrlistek.cz\/","logo":{"@type":"ImageObject","inLanguage":"cs","@id":"https:\/\/cdsctyrlistek.cz\/#\/schema\/logo\/image\/","url":"https:\/\/cdsctyrlistek.cz\/wp-content\/uploads\/2024\/10\/cropped-logo.png","contentUrl":"https:\/\/cdsctyrlistek.cz\/wp-content\/uploads\/2024\/10\/cropped-logo.png","width":240,"height":240,"caption":"\u010dty\u0159l\u00edstek"},"image":{"@id":"https:\/\/cdsctyrlistek.cz\/#\/schema\/logo\/image\/"}}]}},"_links":{"self":[{"href":"https:\/\/cdsctyrlistek.cz\/index.php?rest_route=\/wp\/v2\/pages\/52","targetHints":{"allow":["GET"]}}],"collection":[{"href":"https:\/\/cdsctyrlistek.cz\/index.php?rest_route=\/wp\/v2\/pages"}],"about":[{"href":"https:\/\/cdsctyrlistek.cz\/index.php?rest_route=\/wp\/v2\/types\/page"}],"author":[{"embeddable":true,"href":"https:\/\/cdsctyrlistek.cz\/index.php?rest_route=\/wp\/v2\/users\/1"}],"replies":[{"embeddable":true,"href":"https:\/\/cdsctyrlistek.cz\/index.php?rest_route=%2Fwp%2Fv2%2Fcomments&post=52"}],"version-history":[{"count":1,"href":"https:\/\/cdsctyrlistek.cz\/index.php?rest_route=\/wp\/v2\/pages\/52\/revisions"}],"predecessor-version":[{"id":286,"href":"https:\/\/cdsctyrlistek.cz\/index.php?rest_route=\/wp\/v2\/pages\/52\/revisions\/286"}],"wp:attachment":[{"href":"https:\/\/cdsctyrlistek.cz\/index.php?rest_route=%2Fwp%2Fv2%2Fmedia&parent=52"}],"curies":[{"name":"wp","href":"https:\/\/api.w.org\/{rel}","templated":true}]}}